{"id":86,"date":"2018-09-26T10:57:45","date_gmt":"2018-09-26T08:57:45","guid":{"rendered":"http:\/\/famille.bourde.net\/?page_id=86"},"modified":"2025-01-25T09:13:41","modified_gmt":"2025-01-25T08:13:41","slug":"accueil","status":"publish","type":"page","link":"https:\/\/famille.bourde.net\/","title":{"rendered":"Accueil::Home::\u30db\u30fc\u30e0\u30da\u30fc\u30b8"},"content":{"rendered":"\n<p>Ce site est \u00e0 caract\u00e8re personnel, non lucratif et destin\u00e9 \u00e0 communiquer des informations entre proches. Merci !<\/p>\n\n\n\n<p>This site is personal, non-profit and intended to communicate information between relatives. Thank you ! <\/p>\n\n\n\n<p>\u3053\u306e\u30b5\u30a4\u30c8\u306f\u500b\u4eba\u7684\u3067\u975e\u55b6\u5229\u3067\u3042\u308a\u3001\u89aa\u621a\u9593\u3067\u60c5\u5831\u3092\u4f1d\u9054\u3059\u308b\u3053\u3068\u3092\u76ee\u7684\u3068\u3057\u3066\u3044\u307e\u3059.\u3042\u308a\u304c\u3068\u3046\u3054\u3056\u3044\u307e\u3059! <\/p>\n\n\n\n<p><button onclick=\"window.location.href = 'https:\/\/famille.bourde.net\/index.php\/category\/japon-2018\/';\">Voyage au Japon en 2018<\/button><\/p>\n\n\n\n<p><button onclick=\"window.location.href = 'https:\/\/famille.bourde.net\/index.php\/category\/japon-2023\/';\">Voyage au Japon en 2023<\/button><\/p>\n\n\n\n<p><button onclick=\"window.location.href = 'https:\/\/famille.bourde.net\/index.php\/category\/japon-2025\/';\">Voyage au Japon en 2025<\/button><\/p>\n","protected":false},"excerpt":{"rendered":"<p>Ce site est \u00e0 caract\u00e8re personnel, non lucratif et destin\u00e9 \u00e0 communiquer des informations entre proches. Merci ! This site is personal, non-profit and intended to communicate information between relatives. [&hellip;]<\/p>\n","protected":false},"author":1,"featured_media":0,"parent":0,"menu_order":0,"comment_status":"closed","ping_status":"closed","template":"","meta":{"_mc_calendar":[],"footnotes":""},"class_list":["post-86","page","type-page","status-publish","hentry"],"_links":{"self":[{"href":"https:\/\/famille.bourde.net\/index.php\/wp-json\/wp\/v2\/pages\/86","targetHints":{"allow":["GET"]}}],"collection":[{"href":"https:\/\/famille.bourde.net\/index.php\/wp-json\/wp\/v2\/pages"}],"about":[{"href":"https:\/\/famille.bourde.net\/index.php\/wp-json\/wp\/v2\/types\/page"}],"author":[{"embeddable":true,"href":"https:\/\/famille.bourde.net\/index.php\/wp-json\/wp\/v2\/users\/1"}],"replies":[{"embeddable":true,"href":"https:\/\/famille.bourde.net\/index.php\/wp-json\/wp\/v2\/comments?post=86"}],"version-history":[{"count":27,"href":"https:\/\/famille.bourde.net\/index.php\/wp-json\/wp\/v2\/pages\/86\/revisions"}],"predecessor-version":[{"id":2721,"href":"https:\/\/famille.bourde.net\/index.php\/wp-json\/wp\/v2\/pages\/86\/revisions\/2721"}],"wp:attachment":[{"href":"https:\/\/famille.bourde.net\/index.php\/wp-json\/wp\/v2\/media?parent=86"}],"curies":[{"name":"wp","href":"https:\/\/api.w.org\/{rel}","templated":true}]}}